{"id":344,"date":"2026-01-24T20:00:37","date_gmt":"2026-01-24T19:00:37","guid":{"rendered":"https:\/\/cinebastide-laboite.org\/?page_id=344"},"modified":"2026-04-16T18:06:48","modified_gmt":"2026-04-16T16:06:48","slug":"les-horaires","status":"publish","type":"page","link":"https:\/\/cinebastide-laboite.org\/index.php\/les-horaires\/","title":{"rendered":"Les horaires"},"content":{"rendered":"\n<ul class=\"wp-block-list\">\n<li>Les mercredis de 16h00 \u00e0 19h00<\/li>\n\n\n\n<li>Les jeudis de 18h00 \u00e0 20h00<\/li>\n\n\n\n<li>Les samedis de 14h00 \u00e0 17h00<\/li>\n<\/ul>\n\n\n\n<p>L&#8217;acc\u00e8s est libre et sans r\u00e9servation. Le programme du mois est projet\u00e9 en continu sur les heures d&#8217;ouverture. <br><br>Vous pouvez acc\u00e9der \u00e0 la salle entre chaque film soit toutes les 10 \u00e0 15 minutes.<\/p>\n","protected":false},"excerpt":{"rendered":"<p>L&#8217;acc\u00e8s est libre et sans r\u00e9servation. Le programme du mois est projet\u00e9 en [&hellip;]<\/p>\n","protected":false},"author":1,"featured_media":0,"parent":0,"menu_order":0,"comment_status":"closed","ping_status":"closed","template":"","meta":{"footnotes":""},"class_list":["post-344","page","type-page","status-publish","hentry"],"yoast_head":"<!-- This site is optimized with the Yoast SEO plugin v26.6 - https:\/\/yoast.com\/wordpress\/plugins\/seo\/ -->\n<title>Les horaires - La Bo\u00eete par Cin\u00e9Bastide<\/title>\n<meta name=\"robots\" content=\"index, follow, max-snippet:-1, max-image-preview:large, max-video-preview:-1\" \/>\n<link rel=\"canonical\" href=\"https:\/\/cinebastide-laboite.org\/index.php\/les-horaires\/\" \/>\n<meta property=\"og:locale\" content=\"en_US\" \/>\n<meta property=\"og:type\" content=\"article\" \/>\n<meta property=\"og:title\" content=\"Les horaires - La Bo\u00eete par Cin\u00e9Bastide\" \/>\n<meta property=\"og:description\" content=\"L&#8217;acc\u00e8s est libre et sans r\u00e9servation. Le programme du mois est projet\u00e9 en [&hellip;]\" \/>\n<meta property=\"og:url\" content=\"https:\/\/cinebastide-laboite.org\/index.php\/les-horaires\/\" \/>\n<meta property=\"og:site_name\" content=\"La Bo\u00eete par Cin\u00e9Bastide\" \/>\n<meta property=\"article:modified_time\" content=\"2026-04-16T16:06:48+00:00\" \/>\n<meta name=\"twitter:card\" content=\"summary_large_image\" \/>\n<meta name=\"twitter:label1\" content=\"Est. reading time\" \/>\n\t<meta name=\"twitter:data1\" content=\"1 minute\" \/>\n<script type=\"application\/ld+json\" class=\"yoast-schema-graph\">{\"@context\":\"https:\/\/schema.org\",\"@graph\":[{\"@type\":\"WebPage\",\"@id\":\"https:\/\/cinebastide-laboite.org\/index.php\/les-horaires\/\",\"url\":\"https:\/\/cinebastide-laboite.org\/index.php\/les-horaires\/\",\"name\":\"Les horaires - La Bo\u00eete par Cin\u00e9Bastide\",\"isPartOf\":{\"@id\":\"https:\/\/cinebastide-laboite.org\/#website\"},\"datePublished\":\"2026-01-24T19:00:37+00:00\",\"dateModified\":\"2026-04-16T16:06:48+00:00\",\"breadcrumb\":{\"@id\":\"https:\/\/cinebastide-laboite.org\/index.php\/les-horaires\/#breadcrumb\"},\"inLanguage\":\"en-US\",\"potentialAction\":[{\"@type\":\"ReadAction\",\"target\":[\"https:\/\/cinebastide-laboite.org\/index.php\/les-horaires\/\"]}]},{\"@type\":\"BreadcrumbList\",\"@id\":\"https:\/\/cinebastide-laboite.org\/index.php\/les-horaires\/#breadcrumb\",\"itemListElement\":[{\"@type\":\"ListItem\",\"position\":1,\"name\":\"Accueil\",\"item\":\"https:\/\/cinebastide-laboite.org\/\"},{\"@type\":\"ListItem\",\"position\":2,\"name\":\"Les horaires\"}]},{\"@type\":\"WebSite\",\"@id\":\"https:\/\/cinebastide-laboite.org\/#website\",\"url\":\"https:\/\/cinebastide-laboite.org\/\",\"name\":\"La Bo\u00eete par Cin\u00e9Bastide\",\"description\":\"Le Festival International du Film Politique toute l&#039;ann\u00e9e\",\"publisher\":{\"@id\":\"https:\/\/cinebastide-laboite.org\/#organization\"},\"potentialAction\":[{\"@type\":\"SearchAction\",\"target\":{\"@type\":\"EntryPoint\",\"urlTemplate\":\"https:\/\/cinebastide-laboite.org\/?s={search_term_string}\"},\"query-input\":{\"@type\":\"PropertyValueSpecification\",\"valueRequired\":true,\"valueName\":\"search_term_string\"}}],\"inLanguage\":\"en-US\"},{\"@type\":\"Organization\",\"@id\":\"https:\/\/cinebastide-laboite.org\/#organization\",\"name\":\"La Bo\u00eete par Cin\u00e9Bastide\",\"url\":\"https:\/\/cinebastide-laboite.org\/\",\"logo\":{\"@type\":\"ImageObject\",\"inLanguage\":\"en-US\",\"@id\":\"https:\/\/cinebastide-laboite.org\/#\/schema\/logo\/image\/\",\"url\":\"https:\/\/cinebastide-laboite.org\/wp-content\/uploads\/2025\/12\/cropped-Logo-boite-couleurs-scaled-1.png\",\"contentUrl\":\"https:\/\/cinebastide-laboite.org\/wp-content\/uploads\/2025\/12\/cropped-Logo-boite-couleurs-scaled-1.png\",\"width\":2557,\"height\":2552,\"caption\":\"La Bo\u00eete par Cin\u00e9Bastide\"},\"image\":{\"@id\":\"https:\/\/cinebastide-laboite.org\/#\/schema\/logo\/image\/\"}}]}<\/script>\n<!-- \/ Yoast SEO plugin. -->","yoast_head_json":{"title":"Les horaires - La Bo\u00eete par Cin\u00e9Bastide","robots":{"index":"index","follow":"follow","max-snippet":"max-snippet:-1","max-image-preview":"max-image-preview:large","max-video-preview":"max-video-preview:-1"},"canonical":"https:\/\/cinebastide-laboite.org\/index.php\/les-horaires\/","og_locale":"en_US","og_type":"article","og_title":"Les horaires - La Bo\u00eete par Cin\u00e9Bastide","og_description":"L&#8217;acc\u00e8s est libre et sans r\u00e9servation. Le programme du mois est projet\u00e9 en [&hellip;]","og_url":"https:\/\/cinebastide-laboite.org\/index.php\/les-horaires\/","og_site_name":"La Bo\u00eete par Cin\u00e9Bastide","article_modified_time":"2026-04-16T16:06:48+00:00","twitter_card":"summary_large_image","twitter_misc":{"Est. reading time":"1 minute"},"schema":{"@context":"https:\/\/schema.org","@graph":[{"@type":"WebPage","@id":"https:\/\/cinebastide-laboite.org\/index.php\/les-horaires\/","url":"https:\/\/cinebastide-laboite.org\/index.php\/les-horaires\/","name":"Les horaires - La Bo\u00eete par Cin\u00e9Bastide","isPartOf":{"@id":"https:\/\/cinebastide-laboite.org\/#website"},"datePublished":"2026-01-24T19:00:37+00:00","dateModified":"2026-04-16T16:06:48+00:00","breadcrumb":{"@id":"https:\/\/cinebastide-laboite.org\/index.php\/les-horaires\/#breadcrumb"},"inLanguage":"en-US","potentialAction":[{"@type":"ReadAction","target":["https:\/\/cinebastide-laboite.org\/index.php\/les-horaires\/"]}]},{"@type":"BreadcrumbList","@id":"https:\/\/cinebastide-laboite.org\/index.php\/les-horaires\/#breadcrumb","itemListElement":[{"@type":"ListItem","position":1,"name":"Accueil","item":"https:\/\/cinebastide-laboite.org\/"},{"@type":"ListItem","position":2,"name":"Les horaires"}]},{"@type":"WebSite","@id":"https:\/\/cinebastide-laboite.org\/#website","url":"https:\/\/cinebastide-laboite.org\/","name":"La Bo\u00eete par Cin\u00e9Bastide","description":"Le Festival International du Film Politique toute l&#039;ann\u00e9e","publisher":{"@id":"https:\/\/cinebastide-laboite.org\/#organization"},"potentialAction":[{"@type":"SearchAction","target":{"@type":"EntryPoint","urlTemplate":"https:\/\/cinebastide-laboite.org\/?s={search_term_string}"},"query-input":{"@type":"PropertyValueSpecification","valueRequired":true,"valueName":"search_term_string"}}],"inLanguage":"en-US"},{"@type":"Organization","@id":"https:\/\/cinebastide-laboite.org\/#organization","name":"La Bo\u00eete par Cin\u00e9Bastide","url":"https:\/\/cinebastide-laboite.org\/","logo":{"@type":"ImageObject","inLanguage":"en-US","@id":"https:\/\/cinebastide-laboite.org\/#\/schema\/logo\/image\/","url":"https:\/\/cinebastide-laboite.org\/wp-content\/uploads\/2025\/12\/cropped-Logo-boite-couleurs-scaled-1.png","contentUrl":"https:\/\/cinebastide-laboite.org\/wp-content\/uploads\/2025\/12\/cropped-Logo-boite-couleurs-scaled-1.png","width":2557,"height":2552,"caption":"La Bo\u00eete par Cin\u00e9Bastide"},"image":{"@id":"https:\/\/cinebastide-laboite.org\/#\/schema\/logo\/image\/"}}]}},"_links":{"self":[{"href":"https:\/\/cinebastide-laboite.org\/index.php\/wp-json\/wp\/v2\/pages\/344","targetHints":{"allow":["GET"]}}],"collection":[{"href":"https:\/\/cinebastide-laboite.org\/index.php\/wp-json\/wp\/v2\/pages"}],"about":[{"href":"https:\/\/cinebastide-laboite.org\/index.php\/wp-json\/wp\/v2\/types\/page"}],"author":[{"embeddable":true,"href":"https:\/\/cinebastide-laboite.org\/index.php\/wp-json\/wp\/v2\/users\/1"}],"replies":[{"embeddable":true,"href":"https:\/\/cinebastide-laboite.org\/index.php\/wp-json\/wp\/v2\/comments?post=344"}],"version-history":[{"count":9,"href":"https:\/\/cinebastide-laboite.org\/index.php\/wp-json\/wp\/v2\/pages\/344\/revisions"}],"predecessor-version":[{"id":464,"href":"https:\/\/cinebastide-laboite.org\/index.php\/wp-json\/wp\/v2\/pages\/344\/revisions\/464"}],"wp:attachment":[{"href":"https:\/\/cinebastide-laboite.org\/index.php\/wp-json\/wp\/v2\/media?parent=344"}],"curies":[{"name":"wp","href":"https:\/\/api.w.org\/{rel}","templated":true}]}}